{"id":126,"date":"2025-09-22T11:21:20","date_gmt":"2025-09-22T09:21:20","guid":{"rendered":"https:\/\/ja-zur-individualbesteuerung.ch\/?page_id=126"},"modified":"2025-12-27T07:22:37","modified_gmt":"2025-12-27T06:22:37","slug":"mentions-legales","status":"publish","type":"page","link":"https:\/\/ja-zur-individualbesteuerung.ch\/fr\/mentions-legales\/","title":{"rendered":"Mentions l\u00e9gales"},"content":{"rendered":"\n<h1 class=\"wp-block-heading\">Mentions l\u00e9gales<\/h1>\n\n\n\n<h2 class=\"wp-block-heading\">Contenus<\/h2>\n\n\n\n<p>ComC\u0153ur Bern<br>Morillonstrasse 45<br>3007 Bern<br><a href=\"mailto:bern@comcoeur.ch\">bern@comcoeur.ch<\/a><\/p>\n\n\n\n<h2 class=\"wp-block-heading\">Graphisme<\/h2>\n\n\n\n<p>Petra Balmer<br><a href=\"mailto:info@petrabalmer.ch?Subject=Hello%20from%20petrabalmer.ch\">info@petrabalmer.ch<\/a><\/p>\n\n\n\n<h2 class=\"wp-block-heading\">Programmation du calculateur d\u2019imp\u00f4ts<\/h2>\n\n\n\n<p><strong>Ecoplan<\/strong><\/p>\n\n\n\n<p><a href=\"mailto:info@ecoplan.ch\">info@ecoplan.ch<\/a><\/p>\n\n\n\n<h2 class=\"wp-block-heading\">Site web<\/h2>\n\n\n\n<p><a href=\"http:\/\/webundso.ch\">webundso GmbH<\/a><\/p>\n\n\n\n<div style=\"height:100px\" aria-hidden=\"true\" class=\"wp-block-spacer\"><\/div>\n","protected":false},"excerpt":{"rendered":"Mentions l\u00e9gales Contenus ComC\u0153ur BernMorillonstrasse 453007 Bernbern@comcoeur.ch Graphisme Petra Balmerinfo@petrabalmer.ch Programmation du calculateur d\u2019imp\u00f4ts Ecoplan info@ecoplan.ch Site web webundso GmbH","protected":false},"author":1,"featured_media":0,"parent":0,"menu_order":0,"comment_status":"closed","ping_status":"closed","template":"","meta":{"_acf_changed":false,"footnotes":""},"class_list":["post-126","page","type-page","status-publish","hentry"],"acf":[],"yoast_head":"<!-- This site is optimized with the Yoast SEO plugin v27.4 - https:\/\/yoast.com\/product\/yoast-seo-wordpress\/ -->\n<title>Mentions l\u00e9gales - Oui \u00e0 l&#039;imposition individuelle<\/title>\n<meta name=\"description\" content=\"Oui \u00e0 l\u2019imposition individuelle\" \/>\n<meta name=\"robots\" content=\"index, follow, max-snippet:-1, max-image-preview:large, max-video-preview:-1\" \/>\n<link rel=\"canonical\" href=\"https:\/\/ja-zur-individualbesteuerung.ch\/fr\/mentions-legales\/\" \/>\n<meta property=\"og:locale\" content=\"fr_FR\" \/>\n<meta property=\"og:type\" content=\"article\" \/>\n<meta property=\"og:title\" content=\"Mentions l\u00e9gales - Oui \u00e0 l&#039;imposition individuelle\" \/>\n<meta property=\"og:description\" content=\"Oui \u00e0 l\u2019imposition individuelle\" \/>\n<meta property=\"og:url\" content=\"https:\/\/ja-zur-individualbesteuerung.ch\/fr\/mentions-legales\/\" \/>\n<meta property=\"og:site_name\" content=\"Oui \u00e0 l&#039;imposition individuelle\" \/>\n<meta property=\"article:modified_time\" content=\"2025-12-27T06:22:37+00:00\" \/>\n<meta name=\"twitter:card\" content=\"summary_large_image\" \/>\n<meta name=\"twitter:label1\" content=\"Dur\u00e9e de lecture estim\u00e9e\" \/>\n\t<meta name=\"twitter:data1\" content=\"1 minute\" \/>\n<script type=\"application\/ld+json\" class=\"yoast-schema-graph\">{\"@context\":\"https:\\\/\\\/schema.org\",\"@graph\":[{\"@type\":\"WebPage\",\"@id\":\"https:\\\/\\\/ja-zur-individualbesteuerung.ch\\\/fr\\\/mentions-legales\\\/\",\"url\":\"https:\\\/\\\/ja-zur-individualbesteuerung.ch\\\/fr\\\/mentions-legales\\\/\",\"name\":\"Mentions l\u00e9gales - Oui \u00e0 l'imposition individuelle\",\"isPartOf\":{\"@id\":\"https:\\\/\\\/ja-zur-individualbesteuerung.ch\\\/fr\\\/#website\"},\"datePublished\":\"2025-09-22T09:21:20+00:00\",\"dateModified\":\"2025-12-27T06:22:37+00:00\",\"description\":\"Oui \u00e0 l\u2019imposition individuelle\",\"breadcrumb\":{\"@id\":\"https:\\\/\\\/ja-zur-individualbesteuerung.ch\\\/fr\\\/mentions-legales\\\/#breadcrumb\"},\"inLanguage\":\"fr-FR\",\"potentialAction\":[{\"@type\":\"ReadAction\",\"target\":[\"https:\\\/\\\/ja-zur-individualbesteuerung.ch\\\/fr\\\/mentions-legales\\\/\"]}]},{\"@type\":\"BreadcrumbList\",\"@id\":\"https:\\\/\\\/ja-zur-individualbesteuerung.ch\\\/fr\\\/mentions-legales\\\/#breadcrumb\",\"itemListElement\":[{\"@type\":\"ListItem\",\"position\":1,\"name\":\"Home\",\"item\":\"https:\\\/\\\/ja-zur-individualbesteuerung.ch\\\/fr\\\/\"},{\"@type\":\"ListItem\",\"position\":2,\"name\":\"Mentions l\u00e9gales\"}]},{\"@type\":\"WebSite\",\"@id\":\"https:\\\/\\\/ja-zur-individualbesteuerung.ch\\\/fr\\\/#website\",\"url\":\"https:\\\/\\\/ja-zur-individualbesteuerung.ch\\\/fr\\\/\",\"name\":\"Ja zur Individualbesteuerung\",\"description\":\"\",\"potentialAction\":[{\"@type\":\"SearchAction\",\"target\":{\"@type\":\"EntryPoint\",\"urlTemplate\":\"https:\\\/\\\/ja-zur-individualbesteuerung.ch\\\/fr\\\/?s={search_term_string}\"},\"query-input\":{\"@type\":\"PropertyValueSpecification\",\"valueRequired\":true,\"valueName\":\"search_term_string\"}}],\"inLanguage\":\"fr-FR\"}]}<\/script>\n<!-- \/ Yoast SEO plugin. -->","yoast_head_json":{"title":"Mentions l\u00e9gales - Oui \u00e0 l'imposition individuelle","description":"Oui \u00e0 l\u2019imposition individuelle","robots":{"index":"index","follow":"follow","max-snippet":"max-snippet:-1","max-image-preview":"max-image-preview:large","max-video-preview":"max-video-preview:-1"},"canonical":"https:\/\/ja-zur-individualbesteuerung.ch\/fr\/mentions-legales\/","og_locale":"fr_FR","og_type":"article","og_title":"Mentions l\u00e9gales - Oui \u00e0 l'imposition individuelle","og_description":"Oui \u00e0 l\u2019imposition individuelle","og_url":"https:\/\/ja-zur-individualbesteuerung.ch\/fr\/mentions-legales\/","og_site_name":"Oui \u00e0 l'imposition individuelle","article_modified_time":"2025-12-27T06:22:37+00:00","twitter_card":"summary_large_image","twitter_misc":{"Dur\u00e9e de lecture estim\u00e9e":"1 minute"},"schema":{"@context":"https:\/\/schema.org","@graph":[{"@type":"WebPage","@id":"https:\/\/ja-zur-individualbesteuerung.ch\/fr\/mentions-legales\/","url":"https:\/\/ja-zur-individualbesteuerung.ch\/fr\/mentions-legales\/","name":"Mentions l\u00e9gales - Oui \u00e0 l'imposition individuelle","isPartOf":{"@id":"https:\/\/ja-zur-individualbesteuerung.ch\/fr\/#website"},"datePublished":"2025-09-22T09:21:20+00:00","dateModified":"2025-12-27T06:22:37+00:00","description":"Oui \u00e0 l\u2019imposition individuelle","breadcrumb":{"@id":"https:\/\/ja-zur-individualbesteuerung.ch\/fr\/mentions-legales\/#breadcrumb"},"inLanguage":"fr-FR","potentialAction":[{"@type":"ReadAction","target":["https:\/\/ja-zur-individualbesteuerung.ch\/fr\/mentions-legales\/"]}]},{"@type":"BreadcrumbList","@id":"https:\/\/ja-zur-individualbesteuerung.ch\/fr\/mentions-legales\/#breadcrumb","itemListElement":[{"@type":"ListItem","position":1,"name":"Home","item":"https:\/\/ja-zur-individualbesteuerung.ch\/fr\/"},{"@type":"ListItem","position":2,"name":"Mentions l\u00e9gales"}]},{"@type":"WebSite","@id":"https:\/\/ja-zur-individualbesteuerung.ch\/fr\/#website","url":"https:\/\/ja-zur-individualbesteuerung.ch\/fr\/","name":"Ja zur Individualbesteuerung","description":"","potentialAction":[{"@type":"SearchAction","target":{"@type":"EntryPoint","urlTemplate":"https:\/\/ja-zur-individualbesteuerung.ch\/fr\/?s={search_term_string}"},"query-input":{"@type":"PropertyValueSpecification","valueRequired":true,"valueName":"search_term_string"}}],"inLanguage":"fr-FR"}]}},"_links":{"self":[{"href":"https:\/\/ja-zur-individualbesteuerung.ch\/fr\/wp-json\/wp\/v2\/pages\/126","targetHints":{"allow":["GET"]}}],"collection":[{"href":"https:\/\/ja-zur-individualbesteuerung.ch\/fr\/wp-json\/wp\/v2\/pages"}],"about":[{"href":"https:\/\/ja-zur-individualbesteuerung.ch\/fr\/wp-json\/wp\/v2\/types\/page"}],"author":[{"embeddable":true,"href":"https:\/\/ja-zur-individualbesteuerung.ch\/fr\/wp-json\/wp\/v2\/users\/1"}],"replies":[{"embeddable":true,"href":"https:\/\/ja-zur-individualbesteuerung.ch\/fr\/wp-json\/wp\/v2\/comments?post=126"}],"version-history":[{"count":3,"href":"https:\/\/ja-zur-individualbesteuerung.ch\/fr\/wp-json\/wp\/v2\/pages\/126\/revisions"}],"predecessor-version":[{"id":206,"href":"https:\/\/ja-zur-individualbesteuerung.ch\/fr\/wp-json\/wp\/v2\/pages\/126\/revisions\/206"}],"wp:attachment":[{"href":"https:\/\/ja-zur-individualbesteuerung.ch\/fr\/wp-json\/wp\/v2\/media?parent=126"}],"curies":[{"name":"wp","href":"https:\/\/api.w.org\/{rel}","templated":true}]}}